{"id":122,"date":"2025-10-29T06:07:56","date_gmt":"2025-10-29T06:07:56","guid":{"rendered":"https:\/\/svarichco.lv\/?page_id=122"},"modified":"2025-10-29T06:07:56","modified_gmt":"2025-10-29T06:07:56","slug":"cenas-online-kaulkulators-2026","status":"publish","type":"page","link":"http:\/\/svarichco.lv\/?page_id=122","title":{"rendered":"Cenas Online Kaulkulators 2026"},"content":{"rendered":"\n<h2 class=\"wp-block-heading\">Remontdarbu<br>kalkulators 2<\/h2>\n\n\n\n<h3 class=\"wp-block-heading\">Interakt\u012bv\u0101s apr\u0113\u0137ini par remonta darbiem, t\u0101me On-Line<\/h3>\n\n\n\n<p>Zem\u0101k ir interakt\u012bv\u0101 t\u0101me vai kalkulators bezmaksas t\u0101mes sast\u0101d\u012b\u0161anai On-Line ar dz\u012bvok\u013ca remonta-b\u016bvniec\u012bbas<br>darbu pamatdarbu sarakstu, ofisa vai jebkuras citas telpas remontam Latvijas teritorij\u0101.<\/p>\n\n\n\n<p>Ievadiet interakt\u012bvaj\u0101 t\u0101m\u0113 darbu apjomu, summu j\u016bs redz\u0113siet tabulas apak\u0161\u0101.&nbsp;J\u016bs var\u0113siet patst\u0101v\u012bgi apr\u0113\u0137in\u0101t dz\u012bvok\u013ca remonta aptuven\u0101s izmaksas On-Line.<\/p>\n\n\n\n<p>T\u0101mes kalkulatora dati \u013cauj jebkuram remonta pas\u016bt\u012bt\u0101jam aptuveni orient\u0113ties remonta-b\u016bvniec\u012bbas tirg\u016b un argument\u0113ti kaul\u0113ties par apr\u0113\u0137in\u0101taj\u0101m cen\u0101m ar b\u016bvniec\u012bbas brig\u0101d\u0113m.<\/p>\n\n\n\n<h2 class=\"wp-block-heading\">Remontdarbu kalkulators<\/h2>\n\n\n\n<figure class=\"wp-block-table\"><table class=\"has-fixed-layout\"><tbody><tr><td>Sienas<\/td><td>Laukakme\u0146u m\u016br\u0113\u0161anas darbi<\/td><td>St<\/td><td><\/td><td><\/td><\/tr><tr><td>Sienas<\/td><td>Veco \u0137ie\u0123e\u013cu m\u016br\u0113\u0161ana &#8211; makslinieka m\u016br\u0113\u0161ana<\/td><td>St<\/td><td><\/td><td><\/td><\/tr><tr><td>Sienas<\/td><td>Da\u013c\u0113js sienas apmetums<\/td><td>m2<\/td><td><\/td><td><\/td><\/tr><tr><td>Sienas<\/td><td>Visas sienas apmetums (rokas darbs)<\/td><td>m2<\/td><td><\/td><td><\/td><\/tr><tr><td>Sienas<\/td><td>Plaisu apstr\u0101de<\/td><td>t\/m<\/td><td><\/td><td><\/td><\/tr><tr><td>Sienas<\/td><td>Grunt\u0113\u0161ana<\/td><td>m2<\/td><td><\/td><td><\/td><\/tr><tr><td>Sienas<\/td><td>Vec\u0101s apdares no\u0146em\u0161ana, tapetes, kr\u0101sa utt\u2026<\/td><td>m2<\/td><td><\/td><td><\/td><\/tr><tr><td>Sienas<\/td><td>Sienas \u0161paktel\u0113\u0161ana<\/td><td>m2<\/td><td><\/td><td><\/td><\/tr><tr><td>Sienas<\/td><td>\u0160paktel\u0113\u0161ana priek\u0161 LED apgaismojumam<\/td><td>m2<\/td><td><\/td><td><\/td><\/tr><tr><td>Sienas<\/td><td>Sl\u012bp\u0113\u0161ana<\/td><td>m2<\/td><td><\/td><td><\/td><\/tr><tr><td>Sienas<\/td><td>Stikla\u0161\u0137iedras sieta uzl\u012bm\u0113\u0161ana<\/td><td>m2<\/td><td><\/td><td><\/td><\/tr><tr><td>Sienas<\/td><td>Dekorat\u012bva kr\u0101so\u0161ana ar venecianka imit\u0101cijas kr\u0101sam<\/td><td>m2<\/td><td><\/td><td><\/td><\/tr><tr><td>Sienas<\/td><td>Kr\u0101so\u0161ana 2 k\u0101rt\u0101s<\/td><td>m2<\/td><td><\/td><td><\/td><\/tr><tr><td>Sienas<\/td><td>Lamin\u0101ta l\u012bm\u0113\u0161ana uz sien\u0101m<\/td><td>m2<\/td><td><\/td><td><\/td><\/tr><tr><td>Sienas<\/td><td>St\u016bru uzst\u0101d\u012b\u0161ana ( iek\u0161\u0113jais un \u0101r\u0113jais )<\/td><td>gab<\/td><td><\/td><td><\/td><\/tr><tr><td>Sienas<\/td><td>Vinila tape\u0161u l\u012bm\u0113\u0161ana<\/td><td>m2<\/td><td><\/td><td><\/td><\/tr><tr><td>Sienas<\/td><td>Stikl\u0161\u0137iedras tape\u0161u l\u012bm\u0113\u0161ana<\/td><td>m2<\/td><td><\/td><td><\/td><\/tr><tr><td>Sienas<\/td><td>PVC pl\u0113ves l\u012bm\u0113\u0161ana (tips<\/td><td>m2<\/td><td><\/td><td><\/td><\/tr><tr><td>Sienas<\/td><td>\u0160\u0137idro tape\u0161u uzkl\u0101\u0161ana<\/td><td>m2<\/td><td><\/td><td><\/td><\/tr><tr><td>Sienas<\/td><td>Foto tape\u0161u l\u012bm\u0113\u0161ana<\/td><td>m2<\/td><td><\/td><td><\/td><\/tr><tr><td>Sienas<\/td><td>\u0160\u0137idro tape\u0161u apdare ar aizsarglaku<\/td><td>m2<\/td><td><\/td><td><\/td><\/tr><tr><td>Sienas<\/td><td>OSB3 pl\u0101ksnes mont\u0101\u017ea (sienas)<\/td><td>m2<\/td><td><\/td><td><\/td><\/tr><tr><td>Sienas<\/td><td>Re\u0123ip\u0161a l\u012bm\u0113\u0161ana uz sien\u0101m<\/td><td>m2<\/td><td><\/td><td><\/td><\/tr><tr><td>Sienas<\/td><td>\u0122ip\u0161kartona mont\u0101\u017ea (bez profiliem)<\/td><td>m2<\/td><td><\/td><td><\/td><\/tr><tr><td>Sienas<\/td><td>Met\u0101la karkasa izveide gip\u0161kartonam<\/td><td>m2<\/td><td><\/td><td><\/td><\/tr><tr><td>Sienas<\/td><td>Re\u0123ip\u0161a arkas izveide l\u012bdz 1600mm<\/td><td>m2<\/td><td><\/td><td><\/td><\/tr><tr><td>Sienas<\/td><td>LED karn\u012bze no re\u0123ip\u0161a ar kr\u0101so\u0161anu<\/td><td>m2<\/td><td><\/td><td><\/td><\/tr><tr><td>Sienas<\/td><td>Dekorat\u012bv\u0101 k\u0101rba no \u0123ip\u0161kartona<\/td><td>m2<\/td><td><\/td><td><\/td><\/tr><tr><td>Sienas<\/td><td>Gip\u0161kartona starpsienu izveide<\/td><td>m2<\/td><td><\/td><td><\/td><\/tr><tr><td>Sienas<\/td><td>\u0136ie\u0123e\u013cu starpsienas m\u016br\u0113\u0161ana<\/td><td>m2<\/td><td><\/td><td><\/td><\/tr><tr><td>Sienas<\/td><td>Koka latojuma izb\u016bve<\/td><td>m2<\/td><td><\/td><td><\/td><\/tr><tr><td>Sienas<\/td><td>Spund\u0113to d\u0113\u013cu ap\u0161uvums sien\u0101m<\/td><td>m2<\/td><td><\/td><td><\/td><\/tr><tr><td>Sienas<\/td><td>Spund\u0113to d\u0113\u013cu ap\u0161uvuma kr\u0101so\u0161ana 2 reizes<\/td><td>m2<\/td><td><\/td><td><\/td><\/tr><tr><td>Sienas<\/td><td>Sienu fl\u012bze\u0161ana<\/td><td>m2<\/td><td><\/td><td><\/td><\/tr><tr><td>Sienas<\/td><td>Gr\u012bdlistes izgatavo\u0161ana no fl\u012bzem<\/td><td>m2<\/td><td><\/td><td><\/td><\/tr><tr><td>Griesti<\/td><td>Vec\u0101s apdares no\u0146em\u0161ana, tapetes, kr\u0101sa utt\u2026<\/td><td>m2<\/td><td><\/td><td><\/td><\/tr><tr><td>Griesti<\/td><td>Da\u013c\u0113js apmetums<\/td><td>m2<\/td><td><\/td><td><\/td><\/tr><tr><td>Griesti<\/td><td>Apmetums<\/td><td>m2<\/td><td><\/td><td><\/td><\/tr><tr><td>Griesti<\/td><td>Plaisu apstr\u0101de<\/td><td>t\/m<\/td><td><\/td><td><\/td><\/tr><tr><td>Griesti<\/td><td>Stikla\u0161\u0137iedras sieta uzl\u012bm\u0113\u0161ana<\/td><td>m2<\/td><td><\/td><td><\/td><\/tr><tr><td>Griesti<\/td><td>\u0160paktele\u0161anas darbi<\/td><td>m2<\/td><td><\/td><td><\/td><\/tr><tr><td>Griesti<\/td><td>Sl\u012bp\u0113\u0161ana<\/td><td>m2<\/td><td><\/td><td><\/td><\/tr><tr><td>Griesti<\/td><td>Grunt\u0113\u0161ana<\/td><td>m2<\/td><td><\/td><td><\/td><\/tr><tr><td>Griesti<\/td><td>Kr\u0101so\u0161ana 2 k\u0101rt\u0101s<\/td><td>m2<\/td><td><\/td><td><\/td><\/tr><tr><td>Griesti<\/td><td>Tape\u0161u l\u012bm\u0113\u0161ana<\/td><td>m2<\/td><td><\/td><td><\/td><\/tr><tr><td>Griesti<\/td><td>Griestu balsin\u0101\u0161ana<\/td><td>m2<\/td><td><\/td><td><\/td><\/tr><tr><td>Griesti<\/td><td>Piekaramie griesti (Armstrong)<\/td><td>m2<\/td><td><\/td><td><\/td><\/tr><tr><td>Griesti<\/td><td>Iestiepto griestu mont\u0101\u017ea<\/td><td>m2<\/td><td><\/td><td><\/td><\/tr><tr><td>Griesti<\/td><td>Gip\u0161kartona daudzl\u012bme\u0146u griestu ier\u012bko\u0161ana ar met\u0101la karkasa izveido\u0161anu<\/td><td>m2<\/td><td><\/td><td><\/td><\/tr><tr><td>Griesti<\/td><td>Aizkaru ni\u0161as izveide no re\u0123ip\u0161a + kr\u0101so\u0161ana<\/td><td>t\/m<\/td><td><\/td><td><\/td><\/tr><tr><td>Griesti<\/td><td>Gip\u0161kartona griestu ier\u012bko\u0161ana ar met\u0101la karkasa izveido\u0161anu<\/td><td>m2<\/td><td><\/td><td><\/td><\/tr><tr><td>Griesti<\/td><td>Griestu l\u012bstes mont\u0101\u017ea<\/td><td>t\/m<\/td><td><\/td><td><\/td><\/tr><tr><td>Griesti<\/td><td>Dekorat\u012bvo pl\u0101k\u0161\u0146u mont\u0101\u017ea<\/td><td>m2<\/td><td><\/td><td><\/td><\/tr><tr><td>Griesti<\/td><td>\u0122ip\u0161a dekorat\u012bvo elementu uzst\u0101d\u012b\u0161ana<\/td><td>t\/m<\/td><td><\/td><td><\/td><\/tr><tr><td>Griesti<\/td><td>Koka latojuma izb\u016bve (griesti)<\/td><td>m2<\/td><td><\/td><td><\/td><\/tr><tr><td>Griesti<\/td><td>Griestu ap\u0161\u016b\u0161ana ar spund\u0113tajiem d\u0113\u013ciem<\/td><td>m2<\/td><td><\/td><td><\/td><\/tr><tr><td>Griesti<\/td><td>Spund\u0113to d\u0113\u013cu ap\u0161uvuma kr\u0101so\u0161ana 2 reizes<\/td><td>m2<\/td><td><\/td><td><\/td><\/tr><tr><td>Griesti<\/td><td>OSB3 pl\u0101ksnes mont\u0101\u017ea (griesti)<\/td><td>m2<\/td><td><\/td><td><\/td><\/tr><tr><td>Gr\u012bda<\/td><td>Gr\u012bdas koka konstrukcijas izl\u012bdzin\u0101\u0161ana<\/td><td>m2<\/td><td><\/td><td><\/td><\/tr><tr><td>Gr\u012bda<\/td><td>Vec\u0101s apdares no\u0146em\u0161ana &#8211; linolejs, kr\u0101sa, utt\u2026<\/td><td>m2<\/td><td><\/td><td><\/td><\/tr><tr><td>Gr\u012bda<\/td><td>Betona gr\u012bdas l\u012bdz 5cm, un arm\u0113\u0161ana(silt\u0101m gr\u012bd\u0101m)<\/td><td>m2<\/td><td><\/td><td><\/td><\/tr><tr><td>Gr\u012bda<\/td><td>Pa\u0161izl\u012bdzino\u0161o gr\u012bdu ier\u012bko\u0161ana, sagatavo\u0161ana, grunt\u0113\u0161ana, ielie\u0161ana.<\/td><td>m2<\/td><td><\/td><td><\/td><\/tr><tr><td>Gr\u012bda<\/td><td>Hidroizol\u0101cijas darbi<\/td><td>m2<\/td><td><\/td><td><\/td><\/tr><tr><td>Gr\u012bda<\/td><td>Hidroizol\u0101cijas darbi ar stikl\u0161\u0137iedra-hidroizolu<\/td><td>m2<\/td><td><\/td><td><\/td><\/tr><tr><td>Gr\u012bda<\/td><td>Silt\u0101s gr\u012bdas ier\u012bko\u0161ana<\/td><td>m2<\/td><td><\/td><td><\/td><\/tr><tr><td>Gr\u012bda<\/td><td>OSB3 pl\u0101ksnes mont\u0101\u017ea (gr\u012bda)<\/td><td>m2<\/td><td><\/td><td><\/td><\/tr><tr><td>Gr\u012bda<\/td><td>\u016adensiztur\u012bgs finieris (monta\u017eas darbi)<\/td><td>m2<\/td><td><\/td><td><\/td><\/tr><tr><td>Gr\u012bda<\/td><td>Tr\u012bssl\u0101\u0146u vairogparketa iekl\u0101\u0161ana<\/td><td>m2<\/td><td><\/td><td><\/td><\/tr><tr><td>Gr\u012bda<\/td><td>Lamin\u0101ta apak\u0161kl\u0101ja iekl\u0101\u0161ana<\/td><td>m2<\/td><td><\/td><td><\/td><\/tr><tr><td>Gr\u012bda<\/td><td>Lamin\u0101ta iekl\u0101\u0161ana<\/td><td>m2<\/td><td><\/td><td><\/td><\/tr><tr><td>Gr\u012bda<\/td><td>Parketa d\u0113l\u012b\u0161u gr\u012bdas iekl\u0101\u0161ana<\/td><td>m2<\/td><td><\/td><td><\/td><\/tr><tr><td>Gr\u012bda<\/td><td>Gr\u012bdas \u0161paktel\u0113\u0161ana un sl\u012bp\u0113\u0161ana<\/td><td>m2<\/td><td><\/td><td><\/td><\/tr><tr><td>Gr\u012bda<\/td><td>Parketa lako\u0161ana, 3 k\u0101rtas<\/td><td>m2<\/td><td><\/td><td><\/td><\/tr><tr><td>Gr\u012bda<\/td><td>Linoleja un m\u012bksto gr\u012bdas segumu iekl\u0101\u0161ana<\/td><td>m2<\/td><td><\/td><td><\/td><\/tr><tr><td>Gr\u012bda<\/td><td>Gr\u012bdas fl\u012bze\u0161ana<\/td><td>m2<\/td><td><\/td><td><\/td><\/tr><tr><td>Gr\u012bda<\/td><td>Starpistabas sliek\u0161\u0146u uzst\u0101d\u012b\u0161ana<\/td><td>t\/m<\/td><td><\/td><td><\/td><\/tr><tr><td>Gr\u012bda<\/td><td>Gr\u012bdl\u012bstes mont\u0101\u017ea (PVC)<\/td><td>t\/m<\/td><td><\/td><td><\/td><\/tr><tr><td>Gr\u012bda<\/td><td>Gr\u012bdl\u012bstes uzst\u0101d\u012b\u0161ana<\/td><td>t\/m<\/td><td><\/td><td><\/td><\/tr><tr><td>Elektroinstal\u0101cijas darbi<\/td><td>Vadu kan\u0101lu \u0161trob\u0113\u0161ana, kabe\u013cu ieguld\u012b\u0161ana un kan\u0101lu aizpild\u012b\u0161anu<\/td><td>t\/m<\/td><td><\/td><td><\/td><\/tr><tr><td>Elektroinstal\u0101cijas darbi<\/td><td>Kabe\u013cu ieguld\u012b\u0161ana (bez \u0161trob\u0113\u0161ana)<\/td><td>t\/m<\/td><td><\/td><td><\/td><\/tr><tr><td>Elektroinstal\u0101cijas darbi<\/td><td>LED lentas mont\u0101\u017ea darbi<\/td><td>t\/m<\/td><td><\/td><td><\/td><\/tr><tr><td>Elektroinstal\u0101cijas darbi<\/td><td>Jauna elektr\u012bbas punkta ier\u012bko\u0161ana<\/td><td>kompl<\/td><td><\/td><td><\/td><\/tr><tr><td>Elektroinstal\u0101cijas darbi<\/td><td>Rozetes vai sl\u0113d\u017ea nomai\u0146a eso\u0161\u0101 viet\u0101<\/td><td>kompl<\/td><td><\/td><td><\/td><\/tr><tr><td>Elektroinstal\u0101cijas darbi<\/td><td>Gaismas \u0137erme\u0146a mont\u0101\u017ea (piekaramajos griestos)<\/td><td>kompl<\/td><td><\/td><td><\/td><\/tr><tr><td>Elektroinstal\u0101cijas darbi<\/td><td>Interneta, TV, telefona u.c. vadu instal\u0101cija<\/td><td>t\/m<\/td><td><\/td><td><\/td><\/tr><tr><td>Elektroinstal\u0101cijas darbi<\/td><td>Lustras\/gaismek\u013ca uzst\u0101\u012b\u0161ana un piesl\u0113g\u0161ana eso\u0161ai elektroinstal\u0101cijai<\/td><td>kompl<\/td><td><\/td><td><\/td><\/tr><tr><td>Elektroinstal\u0101cijas darbi<\/td><td>Elektrisko dvie\u013cu \u017e\u0101v\u0113t\u0101ja mont\u0101\u017ea<\/td><td>kompl<\/td><td><\/td><td><\/td><\/tr><tr><td>Elektroinstal\u0101cijas darbi<\/td><td>Ieb\u016bv\u0113to gaismas \u0137erme\u0146u uzst\u0101d\u012b\u0161ana<\/td><td>kompl<\/td><td><\/td><td><\/td><\/tr><tr><td>Elektroinstal\u0101cijas darbi<\/td><td>Sadales skapja uzst\u0101d\u012b\u0161ana un piesl\u0113g\u0161ana<\/td><td>kompl<\/td><td><\/td><td><\/td><\/tr><tr><td>Santehniskie darbi<\/td><td>Du\u0161kab\u012bnes demont\u0101\u017ea<\/td><td>kompl<\/td><td><\/td><td><\/td><\/tr><tr><td>Santehniskie darbi<\/td><td>Vec\u0101s santehnikas demont\u0101\u017ea<\/td><td>gab<\/td><td><\/td><td><\/td><\/tr><tr><td>Santehniskie darbi<\/td><td>Kanaliz\u0101cijas st\u0101vvadu mont\u0101\u017ea<\/td><td>t\/m<\/td><td><\/td><td><\/td><\/tr><tr><td>Santehniskie darbi<\/td><td>\u016adens cauru\u013cu ier\u012bko\u0161ana<\/td><td>t\\m<\/td><td><\/td><td><\/td><\/tr><tr><td>Santehniskie darbi<\/td><td>Dvie\u013cu \u017e\u0101v\u0113t\u0101ja mai\u0146a<\/td><td>gab<\/td><td><\/td><td><\/td><\/tr><tr><td>Santehniskie darbi<\/td><td>Vannas uzst\u0101d\u012b\u0161ana + piesl\u0113g\u0161ana<\/td><td>kompl<\/td><td><\/td><td><\/td><\/tr><tr><td>Santehniskie darbi<\/td><td>Du\u0161kab\u012bnes ar paliktni uzst\u0101d\u012b\u0161ana<\/td><td>kompl<\/td><td><\/td><td><\/td><\/tr><tr><td>Santehniskie darbi<\/td><td>Piekaram\u0101 tualetes poda uzst\u0101d\u012b\u0161ana<\/td><td>kompl<\/td><td><\/td><td><\/td><\/tr><tr><td>Santehniskie darbi<\/td><td>WC poda ar skalojamo kasti mont\u0101\u017ea<\/td><td>kompl<\/td><td><\/td><td><\/td><\/tr><tr><td>Santehniskie darbi<\/td><td>Du\u0161as trapu uzst\u0101d\u012b\u0161ana<\/td><td>kompl<\/td><td><\/td><td><\/td><\/tr><tr><td>Santehniskie darbi<\/td><td>sienas g\u0101zes katla uzst\u0101d\u012b\u0161ana<\/td><td>kompl<\/td><td><\/td><td><\/td><\/tr><tr><td>Santehniskie darbi<\/td><td>Roku mazg\u0101tnes mont\u0101\u017ea (izlietne, k\u0101ja, sifons)<\/td><td>kompl<\/td><td><\/td><td><\/td><\/tr><tr><td>Santehniskie darbi<\/td><td>Jauc\u0113jkr\u0101na mont\u0101\u017ea<\/td><td>kompl<\/td><td><\/td><td><\/td><\/tr><tr><td>Santehniskie darbi<\/td><td>Cauru\u013cu mont\u0101\u017ea<\/td><td>t\/m<\/td><td><\/td><td><\/td><\/tr><tr><td>Santehniskie darbi<\/td><td>Apkures radi\u0101toru nomai\u0146a mont\u0101\u017ea\/demont\u0101\u017ea<\/td><td>kompl<\/td><td><\/td><td><\/td><\/tr><tr><td>Santehniskie darbi<\/td><td>Veco fl\u012b\u017eu no\u0146em\u0161ana<\/td><td>m2<\/td><td><\/td><td><\/td><\/tr><tr><td>Logi un Durvis<\/td><td>Iek\u0161durvju mont\u0101\u017ea<\/td><td>kompl<\/td><td><\/td><td><\/td><\/tr><tr><td>Logi un Durvis<\/td><td>Durvju demont\u0101\u017ea<\/td><td>gab<\/td><td><\/td><td><\/td><\/tr><tr><td>Logi un Durvis<\/td><td>Durvju un logu renov\u0101cija<\/td><td>kompl<\/td><td><\/td><td><\/td><\/tr><tr><td>Logi un Durvis<\/td><td>PVC logu uzst\u0101d\u012b\u0161ana<\/td><td>m2<\/td><td><\/td><td><\/td><\/tr><tr><td>Logi un Durvis<\/td><td>Apma\u013cu uzst\u0101d\u012b\u0161ana durv\u012bm<\/td><td>t\/m<\/td><td><\/td><td><\/td><\/tr><tr><td>Logi un Durvis<\/td><td>Palod\u017eu uzst\u0101d\u012b\u0161ana<\/td><td>t\/m<\/td><td><\/td><td><\/td><\/tr><tr><td>Logi un Durvis<\/td><td>Logu ai\u013cu apdare<\/td><td>t\/m<\/td><td><\/td><td><\/td><\/tr><tr><td>Sadz\u012bves tehnika uzst\u0101d\u012b\u0161ana un piesl\u0113g\u0161ana<\/td><td>Ve\u013cas ma\u0161\u012bnas uzst\u0101d\u012b\u0161ana<\/td><td>kompl<\/td><td><\/td><td><\/td><\/tr><tr><td>Sadz\u012bves tehnika uzst\u0101d\u012b\u0161ana un piesl\u0113g\u0161ana<\/td><td>Boilera uzst\u0101d\u012b\u0161ana<\/td><td>kompl<\/td><td><\/td><td><\/td><\/tr><tr><td>Sadz\u012bves tehnika uzst\u0101d\u012b\u0161ana un piesl\u0113g\u0161ana<\/td><td>Trauku mazg\u0101\u0161anas ma\u0161\u012bnas uzst\u0101d\u012b\u0161ana un piesl\u0113g\u0161ana<\/td><td>kompl<\/td><td><\/td><td><\/td><\/tr><tr><td>Sadz\u012bves tehnika uzst\u0101d\u012b\u0161ana un piesl\u0113g\u0161ana<\/td><td>Tvaika nos\u016bc\u0113ju mont\u0101\u017ea<\/td><td>kompl<\/td><td><\/td><td><\/td><\/tr><tr><td>Demont\u0101\u017eas darbi<\/td><td>\u0122ip\u0161kartona starpsienas demont\u0101\u017ea<\/td><td>m2<\/td><td><\/td><td><\/td><\/tr><tr><td>Demont\u0101\u017eas darbi<\/td><td>\u0122ip\u0161kartona demont\u0101\u017ea<\/td><td>m2<\/td><td><\/td><td><\/td><\/tr><tr><td>M\u0113be\u013cu un virtuves izgatavo\u0161ana + mont\u0101\u017ea<\/td><td>Meistara izbrauk\u0161ana uz m\u0113r\u012bjumiem<\/td><td>gab<\/td><td><\/td><td><\/td><\/tr><tr><td>M\u0113be\u013cu un virtuves izgatavo\u0161ana + mont\u0101\u017ea<\/td><td>Virtuves m\u0113be\u013cu projektu izstr\u0101de<\/td><td>kompl<\/td><td><\/td><td><\/td><\/tr><tr><td>M\u0113be\u013cu un virtuves izgatavo\u0161ana + mont\u0101\u017ea<\/td><td>Zimejumu izstr\u0101de b\u012bd\u0101majam skapim<\/td><td>kompl<\/td><td><\/td><td><\/td><\/tr><tr><td>M\u0113be\u013cu un virtuves izgatavo\u0161ana + mont\u0101\u017ea<\/td><td>Modu\u013cu virtuves m\u0113be\u013cu mont\u0101\u017ea (apak\u0161\u0113j\u0101 rinda)<\/td><td>t\/m<\/td><td><\/td><td><\/td><\/tr><\/tbody><\/table><\/figure>\n\n\n\n<p>Kop\u0101:<\/p>\n\n\n\n<p>&nbsp;\u20ac0.00<\/p>\n\n\n\n<p><\/p>\n\n\n\n<p><\/p>\n","protected":false},"excerpt":{"rendered":"<p>Remontdarbukalkulators 2 Interakt\u012bv\u0101s apr\u0113\u0137ini par remonta darbiem, t\u0101me On-Line Zem\u0101k ir interakt\u012bv\u0101 t\u0101me vai kalkulators bezmaksas t\u0101mes sast\u0101d\u012b\u0161anai On-Line ar dz\u012bvok\u013ca remonta-b\u016bvniec\u012bbasdarbu pamatdarbu sarakstu, ofisa vai jebkuras citas telpas remontam Latvijas teritorij\u0101. Ievadiet interakt\u012bvaj\u0101 t\u0101m\u0113 darbu apjomu, summu j\u016bs redz\u0113siet tabulas apak\u0161\u0101.&nbsp;J\u016bs var\u0113siet patst\u0101v\u012bgi apr\u0113\u0137in\u0101t dz\u012bvok\u013ca remonta aptuven\u0101s izmaksas On-Line. T\u0101mes kalkulatora dati \u013cauj jebkuram [&hellip;]<\/p>\n","protected":false},"author":1,"featured_media":0,"parent":0,"menu_order":0,"comment_status":"closed","ping_status":"closed","template":"","meta":{"footnotes":""},"class_list":["post-122","page","type-page","status-publish","hentry"],"_links":{"self":[{"href":"http:\/\/svarichco.lv\/index.php?rest_route=\/wp\/v2\/pages\/122","targetHints":{"allow":["GET"]}}],"collection":[{"href":"http:\/\/svarichco.lv\/index.php?rest_route=\/wp\/v2\/pages"}],"about":[{"href":"http:\/\/svarichco.lv\/index.php?rest_route=\/wp\/v2\/types\/page"}],"author":[{"embeddable":true,"href":"http:\/\/svarichco.lv\/index.php?rest_route=\/wp\/v2\/users\/1"}],"replies":[{"embeddable":true,"href":"http:\/\/svarichco.lv\/index.php?rest_route=%2Fwp%2Fv2%2Fcomments&post=122"}],"version-history":[{"count":1,"href":"http:\/\/svarichco.lv\/index.php?rest_route=\/wp\/v2\/pages\/122\/revisions"}],"predecessor-version":[{"id":123,"href":"http:\/\/svarichco.lv\/index.php?rest_route=\/wp\/v2\/pages\/122\/revisions\/123"}],"wp:attachment":[{"href":"http:\/\/svarichco.lv\/index.php?rest_route=%2Fwp%2Fv2%2Fmedia&parent=122"}],"curies":[{"name":"wp","href":"https:\/\/api.w.org\/{rel}","templated":true}]}}