{"id":25,"date":"2025-06-15T17:46:02","date_gmt":"2025-06-15T17:46:02","guid":{"rendered":"http:\/\/svarichco.lv\/?page_id=25"},"modified":"2025-06-15T17:46:02","modified_gmt":"2025-06-15T17:46:02","slug":"par-mums","status":"publish","type":"page","link":"http:\/\/svarichco.lv\/?page_id=25","title":{"rendered":"Par Mums"},"content":{"rendered":"\n<p>Par mums<\/p>\n\n\n\n<p>M\u0113s esam <strong>celtniec\u012bbas un remonta uz\u0146\u0113mums R\u012bg\u0101<\/strong>, kas specializ\u0113jas <strong>fas\u0101\u017eu atjauno\u0161an\u0101 un dz\u012bvok\u013cu remontdarbos<\/strong>. M\u016bsu komandu veido pieredz\u0113ju\u0161i meistari, kuri str\u0101d\u0101 ar r\u016bp\u012bbu, precizit\u0101ti un atbild\u012bbu. Jau vair\u0101k nek\u0101 [X] gadus pal\u012bdzam r\u012bdziniekiem padar\u012bt savus \u012bpa\u0161umus skaistus, dro\u0161us un energoefekt\u012bvus.<\/p>\n\n\n\n<p>Katrs projekts mums ir svar\u012bgs \u2013 neatkar\u012bgi no t\u0101, vai t\u0101 ir pilna dz\u012bvok\u013ca renov\u0101cija Imant\u0101, fas\u0101des siltin\u0101\u0161ana Purvciem\u0101 vai balkona atjauno\u0161ana P\u013cavniekos. Pied\u0101v\u0101jam <strong>lok\u0101lajiem klientiem R\u012bg\u0101 un Pier\u012bg\u0101<\/strong> \u0101tru apkalpo\u0161anu, elast\u012bgu pieeju un risin\u0101jumus, kas piel\u0101goti konkr\u0113tajam bud\u017eetam un vajadz\u012bb\u0101m.<\/p>\n\n\n\n<p>M\u0113s ticam god\u012bgai komunik\u0101cijai, kvalitat\u012bvam darbam un ilgtermi\u0146a rezult\u0101tam. Tie\u0161i t\u0101p\u0113c m\u016bsu klienti m\u016bs iesaka t\u0101l\u0101k.<\/p>\n\n\n\n<p>M\u016bsu misija<\/p>\n\n\n\n<p><strong>Rad\u012bt pat\u012bkamus, dro\u0161us un est\u0113tiskus dz\u012bves apst\u0101k\u013cus ikvienam m\u0101jok\u013ca \u012bpa\u0161niekam.<\/strong> Neatkar\u012bgi no projekta lieluma, m\u0113s pieejam katram darbam ar m\u0113r\u0137i uzlabot cilv\u0113ku ikdienu caur kvalitat\u012bvu remontu un moderniem b\u016bvniec\u012bbas risin\u0101jumiem.<\/p>\n\n\n\n<p>M\u016bsu v\u0113rt\u012bbas<\/p>\n\n\n\n<ul class=\"wp-block-list\">\n<li><strong>God\u012bga attieksme<\/strong> \u2013 atkl\u0101ti nosac\u012bjumi, caursp\u012bd\u012bga komunik\u0101cija un uzticama sadarb\u012bba ar katru klientu.<\/li>\n\n\n\n<li><strong>Konkur\u0113tsp\u0113j\u012bgas cenas<\/strong> \u2013 piel\u0101gojam pakalpojumus klienta bud\u017eetam, nezaud\u0113jot kvalit\u0101ti.<\/li>\n\n\n\n<li><strong>Punktu\u0101la izpilde<\/strong> \u2013 iev\u0113rojam termi\u0146us, jo cien\u0101m J\u016bsu laiku un uztic\u012bbu.<\/li>\n<\/ul>\n","protected":false},"excerpt":{"rendered":"<p>Par mums M\u0113s esam celtniec\u012bbas un remonta uz\u0146\u0113mums R\u012bg\u0101, kas specializ\u0113jas fas\u0101\u017eu atjauno\u0161an\u0101 un dz\u012bvok\u013cu remontdarbos. M\u016bsu komandu veido pieredz\u0113ju\u0161i meistari, kuri str\u0101d\u0101 ar r\u016bp\u012bbu, precizit\u0101ti un atbild\u012bbu. Jau vair\u0101k nek\u0101 [X] gadus pal\u012bdzam r\u012bdziniekiem padar\u012bt savus \u012bpa\u0161umus skaistus, dro\u0161us un energoefekt\u012bvus. Katrs projekts mums ir svar\u012bgs \u2013 neatkar\u012bgi no t\u0101, vai t\u0101 ir pilna [&hellip;]<\/p>\n","protected":false},"author":1,"featured_media":0,"parent":0,"menu_order":0,"comment_status":"closed","ping_status":"closed","template":"","meta":{"footnotes":""},"class_list":["post-25","page","type-page","status-publish","hentry"],"_links":{"self":[{"href":"http:\/\/svarichco.lv\/index.php?rest_route=\/wp\/v2\/pages\/25","targetHints":{"allow":["GET"]}}],"collection":[{"href":"http:\/\/svarichco.lv\/index.php?rest_route=\/wp\/v2\/pages"}],"about":[{"href":"http:\/\/svarichco.lv\/index.php?rest_route=\/wp\/v2\/types\/page"}],"author":[{"embeddable":true,"href":"http:\/\/svarichco.lv\/index.php?rest_route=\/wp\/v2\/users\/1"}],"replies":[{"embeddable":true,"href":"http:\/\/svarichco.lv\/index.php?rest_route=%2Fwp%2Fv2%2Fcomments&post=25"}],"version-history":[{"count":1,"href":"http:\/\/svarichco.lv\/index.php?rest_route=\/wp\/v2\/pages\/25\/revisions"}],"predecessor-version":[{"id":26,"href":"http:\/\/svarichco.lv\/index.php?rest_route=\/wp\/v2\/pages\/25\/revisions\/26"}],"wp:attachment":[{"href":"http:\/\/svarichco.lv\/index.php?rest_route=%2Fwp%2Fv2%2Fmedia&parent=25"}],"curies":[{"name":"wp","href":"https:\/\/api.w.org\/{rel}","templated":true}]}}