{"id":85,"date":"2025-10-21T15:51:43","date_gmt":"2025-10-21T15:51:43","guid":{"rendered":"https:\/\/svarichco.lv\/?page_id=85"},"modified":"2025-10-21T15:51:43","modified_gmt":"2025-10-21T15:51:43","slug":"paldies","status":"publish","type":"page","link":"http:\/\/svarichco.lv\/?page_id=85","title":{"rendered":"Paldies"},"content":{"rendered":"\n<p>M\u0113s sa\u0146\u0113m\u0101m Tavus Datus un sazin\u0101simies ar jums tuv\u0101kaj\u0101 laik\u0101!<\/p>\n\n\n\n<!-- Event snippet for Submit lead form conversion page -->\n<script>\n  gtag('event', 'conversion', {\n      'send_to': 'AW-17669828016\/rgWhCOfVhrEbELDb0OlB',\n      'value': 1.0,\n      'currency': 'USD'\n  });\n<\/script>\n\n","protected":false},"excerpt":{"rendered":"<p>M\u0113s sa\u0146\u0113m\u0101m Tavus Datus un sazin\u0101simies ar jums tuv\u0101kaj\u0101 laik\u0101!<\/p>\n","protected":false},"author":1,"featured_media":0,"parent":0,"menu_order":0,"comment_status":"closed","ping_status":"closed","template":"","meta":{"footnotes":""},"class_list":["post-85","page","type-page","status-publish","hentry"],"_links":{"self":[{"href":"http:\/\/svarichco.lv\/index.php?rest_route=\/wp\/v2\/pages\/85","targetHints":{"allow":["GET"]}}],"collection":[{"href":"http:\/\/svarichco.lv\/index.php?rest_route=\/wp\/v2\/pages"}],"about":[{"href":"http:\/\/svarichco.lv\/index.php?rest_route=\/wp\/v2\/types\/page"}],"author":[{"embeddable":true,"href":"http:\/\/svarichco.lv\/index.php?rest_route=\/wp\/v2\/users\/1"}],"replies":[{"embeddable":true,"href":"http:\/\/svarichco.lv\/index.php?rest_route=%2Fwp%2Fv2%2Fcomments&post=85"}],"version-history":[{"count":1,"href":"http:\/\/svarichco.lv\/index.php?rest_route=\/wp\/v2\/pages\/85\/revisions"}],"predecessor-version":[{"id":86,"href":"http:\/\/svarichco.lv\/index.php?rest_route=\/wp\/v2\/pages\/85\/revisions\/86"}],"wp:attachment":[{"href":"http:\/\/svarichco.lv\/index.php?rest_route=%2Fwp%2Fv2%2Fmedia&parent=85"}],"curies":[{"name":"wp","href":"https:\/\/api.w.org\/{rel}","templated":true}]}}